{"id":828,"date":"2011-07-01T06:36:31","date_gmt":"2011-07-01T10:36:31","guid":{"rendered":"http:\/\/agoratheque.yprovencal.ep.profweb.qc.ca\/?page_id=828"},"modified":"2012-03-11T17:50:41","modified_gmt":"2012-03-11T21:50:41","slug":"difficultes-conceptuelles","status":"publish","type":"page","link":"http:\/\/agoratheque.3zcom.com\/?page_id=828","title":{"rendered":"Difficult\u00e9s conceptuelles"},"content":{"rendered":"<p>Certains concepts\u00a0utilis\u00e9s dans le Manifeste progressiste sont nouveaux; ils repr\u00e9sentent souvent un moyen\u00a0de clarifier les questions et les enjeux, et parfois de r\u00e9soudre certaines difficult\u00e9s \u00e9thiques ou \u00e9pist\u00e9mologiques.\u00a0\u00a0\u00a0<\/p>\n<p>\u00a0\u00a0\u00a0<strong><em>Autonomie<\/em><\/strong><\/p>\n<p>\u00a0\u00a0\u00a0\u00a0\u00a0\u00a0\u00a0\u00a0\u00a0\u00a0\u00a0\u00a0\u00a0\u00a0\u00a0L&rsquo;autonomie des individus ou des groupes repr\u00e9sente ici la capacit\u00e9 effective d&rsquo;avancer vers de nouvelles moeurs et vers une nouvelle conception de la morale et de l&rsquo;\u00e9thique. Le concept devient radical lorsqu&rsquo;on le d\u00e9finit comme la possibilit\u00e9 effective pour un groupe de se r\u00e9gir d&rsquo;apr\u00e8s ses propres lois. Voir\u00a0le\u00a0<a title=\"Le respect des personnes et des groupes dans leur autonomie\" href=\"http:\/\/mail.agoratheque.3zcom.com\/?page_id=641\">respect des personnes et des groupes dans leur autonomie<\/a>.<\/p>\n<h4>\u00a0\u00a0\u00a0<strong><em>Culture morale<\/em><\/strong> <span style=\"font-family: Times New Roman; font-size: small;\">(ou <strong><em>groupe<\/em><\/strong> <em>humain<\/em>)<\/span><\/h4>\n<p>\u00a0\u00a0\u00a0\u00a0\u00a0\u00a0\u00a0\u00a0\u00a0\u00a0\u00a0\u00a0\u00a0\u00a0\u00a0Toute nation,\u00a0peuple, peuplade etc.\u00a0constituent une culture morale, c&rsquo;est-\u00e0-dire un groupe d&rsquo;appartenance tel que ses membres veulent appartenir \u00e0 ce groupe. En ce sens, la culture morale est essentiellement d\u00e9finie au moyen de la <a title=\"La diff\u00e9rence num\u00e9rique des groupes\" href=\"http:\/\/mail.agoratheque.3zcom.com\/?page_id=655\">diff\u00e9rence num\u00e9rique<\/a>. Voir\u00a0le\u00a0<a title=\"Le respect des personnes et des groupes dans leur autonomie\" href=\"http:\/\/mail.agoratheque.3zcom.com\/?page_id=641\">respect des personnes et des groupes dans leur autonomie<\/a>. Pour la comparaison de la culture morale avec l&rsquo;ethnie, voir\u00a0le <a title=\"Le cas du Nig\u00e9ria\" href=\"http:\/\/mail.agoratheque.3zcom.com\/?page_id=631\">cas du Nig\u00e9ria<\/a>.\u00a0\u00a0\u00a0\u00a0\u00a0\u00a0\u00a0\u00a0\u00a0<\/p>\n<p>\u00a0\u00a0\u00a0<strong><em>Diff\u00e9rence<\/em><\/strong><\/p>\n<p>\u00a0\u00a0\u00a0\u00a0\u00a0\u00a0\u00a0\u00a0\u00a0\u00a0\u00a0\u00a0\u00a0\u00a0\u00a0La diff\u00e9rence des groupes \u2014 c&rsquo;est-\u00e0-dire des nations, des peuples, etc. \u2014\u00a0est g\u00e9n\u00e9ralement d\u00e9finie comme une diff\u00e9rence <em>qualitative<\/em> alors qu&rsquo;il faudrait bien plut\u00f4t la voir comme une diff\u00e9rence <em>num\u00e9rique<\/em>. C&rsquo;est \u00e0 cette condition que la\u00a0d\u00e9finition de la nation en g\u00e9n\u00e9ral est suffisamment inclusive pour n&rsquo;exclure aucun groupe et que les conditions conceptuelles du respect des groupes peuvent \u00eatre r\u00e9unies. Voir la\u00a0<a title=\"La diff\u00e9rence num\u00e9rique des groupes\" href=\"http:\/\/mail.agoratheque.3zcom.com\/?page_id=655\">diff\u00e9rence num\u00e9rique des groupes<\/a>\u00a0et le <a title=\"Le respect de la diff\u00e9rence\" href=\"http:\/\/mail.agoratheque.3zcom.com\/?page_id=3298\">respect de la diff\u00e9rence<\/a>.<\/p>\n<p>\u00a0\u00a0\u00a0<strong><em>\u00c9thocentrisme<\/em><\/strong><\/p>\n<p>\u00a0\u00a0\u00a0\u00a0\u00a0\u00a0\u00a0\u00a0\u00a0\u00a0\u00a0\u00a0\u00a0\u00a0\u00a0Terme applicable\u00a0\u00e0 tout groupe centr\u00e9 sur lui-m\u00eame en ce qui touche son sens moral, c&rsquo;est-\u00e0-dire, plus pr\u00e9cis\u00e9ment, en ce qui touche sa fa\u00e7on de juger en bien ou mal ses propres attitudes en comparaison avec celles d&rsquo;autres groupes, il se distingue de l&rsquo;ethnocentrisme par sa g\u00e9n\u00e9ralit\u00e9 et par ses connotations morales plut\u00f4t que culturelles. Voir <a title=\"D\u00e9finition de l\u2019\u00e9thocentrisme\" href=\"http:\/\/mail.agoratheque.3zcom.com\/?page_id=666\">\u00e9thocentrisme<\/a>.<\/p>\n<p>\u00a0\u00a0\u00a0<strong><em>Groupe<\/em><\/strong>\u00a0humain<\/p>\n<p>\u00a0\u00a0\u00a0\u00a0\u00a0\u00a0\u00a0\u00a0\u00a0\u00a0\u00a0\u00a0\u00a0\u00a0\u00a0\u00a0\u00a0\u00a0Voir <em><strong>culture morale<\/strong><\/em>.\u00a0\u00a0\u00a0\u00a0\u00a0\u00a0\u00a0\u00a0\u00a0\u00a0\u00a0\u00a0\u00a0\u00a0\u00a0<\/p>\n<p>\u00a0\u00a0\u00a0<strong><em>Libert\u00e9<\/em><\/strong><\/p>\n<p>\u00a0\u00a0\u00a0\u00a0\u00a0\u00a0\u00a0\u00a0\u00a0\u00a0\u00a0\u00a0\u00a0\u00a0\u00a0\u00a0\u00a0\u00a0\u00a0Confront\u00e9e aux donn\u00e9es de la science actuelle, la notion de libert\u00e9 semble d&rsquo;abord n&rsquo;avoir aucun fondement (voir <a title=\"La libert\u00e9 du point de vue de la science actuelle\" href=\"http:\/\/mail.agoratheque.3zcom.com\/?page_id=757\">l&rsquo;impression de libert\u00e9<\/a>). Elle peut n\u00e9anmoins \u00eatre consid\u00e9r\u00e9e \u00e0 la fois comme\u00a0\u00e9minemment compatible avec l&rsquo;existence m\u00eame de la science et\u00a0basique d&rsquo;un point de vue \u00e9thique (voir la <a title=\"La libert\u00e9 reconsid\u00e9r\u00e9e\" href=\"http:\/\/mail.agoratheque.3zcom.com\/?page_id=775\">libert\u00e9 reconsid\u00e9r\u00e9e<\/a>).<\/p>\n<p>\u00a0\u00a0\u00a0<strong><em>Pauvret\u00e9<\/em><\/strong>\u00a0\u00a0\u00a0<\/p>\n<p>\u00a0\u00a0\u00a0\u00a0\u00a0\u00a0\u00a0\u00a0\u00a0\u00a0\u00a0\u00a0\u00a0\u00a0\u00a0\u00a0\u00a0\u00a0\u00a0\u00a0M\u00eame si la notion de pauvret\u00e9 est bien moins claire qu&rsquo;on le laisse entendre souvent, elle demeure \u00e0 la base d&rsquo;une critique sociale essentielle. Elle se trouve \u00e9troitement li\u00e9e aux attitudes d&rsquo;exclusion en g\u00e9n\u00e9ral. C&rsquo;est pourquoi il est possible d&rsquo;\u00e9tablir un lien fondamental entre la pauvret\u00e9 et la situation d&rsquo;irrespect qui pr\u00e9vaut. Voir <a title=\"Pauvret\u00e9 et respect\" href=\"http:\/\/mail.agoratheque.3zcom.com\/?page_id=628\">Pauvret\u00e9 et respect<\/a>.<\/p>\n<p>\u00a0\u00a0\u00a0<strong><em>Respect<\/em><\/strong><\/p>\n<p>\u00a0\u00a0\u00a0\u00a0\u00a0\u00a0Respect de la<em><strong> diff\u00e9rence<\/strong><\/em>:<\/p>\n<p>\u00a0\u00a0\u00a0\u00a0\u00a0\u00a0\u00a0\u00a0\u00a0\u00a0\u00a0\u00a0\u00a0\u00a0\u00a0\u00a0\u00a0\u00a0\u00a0\u00a0\u00a0Les progr\u00e8s du f\u00e9minisme ont mis en \u00e9vidence l&rsquo;existence de difficult\u00e9s conceptuelles d&rsquo;aspect incontournable d\u00e8s que la question se pose de savoir quelle sorte d&rsquo;\u00e9galit\u00e9 et quelle sorte de diff\u00e9rence les femmes doivent revendiquer. En effet, elles\u00a0ne peuvent se contenter\u00a0d&rsquo;une \u00e9galit\u00e9 abstraite; elles veulent\u00a0l&rsquo;\u00e9galit\u00e9 de droit et de fait. Cependant la question demeure: quelle <em>diff\u00e9rence<\/em> veulent-elles faire reconna\u00eetre? Cette difficult\u00e9, qui a \u00e9t\u00e9 mise en \u00e9vidence dans le cas des revendications f\u00e9ministes, peut \u00e9galement appara\u00eetre dans le cas de toute personne qui voudrait faire reconna\u00eetre ce qui serait <em>sa diff\u00e9rence<\/em>, ce qui rejoint ce qui est d\u00e9crit ici comme le droit g\u00e9n\u00e9ral \u00e0 la dissidence. Voir le <a title=\"Le respect de la diff\u00e9rence\" href=\"http:\/\/mail.agoratheque.3zcom.com\/?page_id=3298\">respect de la diff\u00e9rence<\/a> et un <a title=\"Un courant progressiste exemplaire : le f\u00e9minisme\" href=\"http:\/\/mail.agoratheque.3zcom.com\/?page_id=612\">courant progressiste exemplaire: le f\u00e9minisme<\/a>.<\/p>\n<p><em><strong>\u00a0\u00a0\u00a0\u00a0\u00a0\u00a0<\/strong><\/em>Respect des<em> <strong>groupes<\/strong><\/em>:<\/p>\n<p>\u00a0\u00a0\u00a0\u00a0\u00a0\u00a0\u00a0\u00a0\u00a0\u00a0\u00a0\u00a0\u00a0\u00a0\u00a0\u00a0\u00a0\u00a0\u00a0\u00a0\u00a0L&rsquo;id\u00e9e \u00e9thique et politique du respect des groupes en g\u00e9n\u00e9ral est nouvelle. Elle consiste en la reconnaissance des cultures morales en g\u00e9n\u00e9ral, qu&rsquo;il s&rsquo;agisse de nations, peuples, peuplades ou\u00a0encore, par exemple,\u00a0de groupes religieux ou id\u00e9ologiques. Une telle reconnaissance implique. du point de vue \u00e9thique, l&rsquo;importance de l&rsquo;attitude d&rsquo;aide envers les groupes plut\u00f4t que l&rsquo;attitude traditionnelle (et encore habituelle) de m\u00e9fiance et de confrontation. Voir le <a title=\"Le respect des personnes et des groupes dans leur autonomie\" href=\"http:\/\/mail.agoratheque.3zcom.com\/?page_id=641\">respect des personnes et des groupes dans leur autonomie<\/a>.<\/p>\n<p>\u00a0\u00a0\u00a0<strong><em>Responsabilit\u00e9<\/em><\/strong>\u00a0<\/p>\n<p>\u00a0\u00a0\u00a0\u00a0\u00a0\u00a0\u00a0\u00a0\u00a0\u00a0\u00a0\u00a0\u00a0\u00a0\u00a0\u00a0\u00a0D\u2019un point de vue strictement \u00e9thique et en conformit\u00e9 avec l\u2019id\u00e9e de respect de l\u2019humain par l\u2019humain, il est peu pertinent\u00a0de d\u00e9signer ou de chercher des coupables, qu\u2019il s\u2019agisse d\u2019individus, de groupes ou de l\u2019humanit\u00e9 prise globalement. L\u2019actuelle situation de manque de respect aurait pour effet de jeter le doute sur la sinc\u00e9rit\u00e9 de telles accusations. Un tel jugement serait sans doute bien plus motiv\u00e9 par\u00a0le m\u00e9pris\u00a0envers ceux qui seraient bl\u00e2m\u00e9s que par l\u2019\u00e9tablissement clair d\u2019une responsabilit\u00e9 pr\u00e9cise de l\u2019une ou l\u2019autre des nations [1].<\/p>\n<p>_______________________<\/p>\n<p>1\u00a0En ce qui concerne les objections en provenance du kantisme ou d&rsquo;autres philosophies \u00e9thiques de l&rsquo;autonomie, le lecteur trouvera des r\u00e9ponses dans <em><a title=\"La diabolisation\" href=\"http:\/\/mail.agoratheque.3zcom.com\/?page_id=148\">La diabolisation. Une p\u00e9dagogie de l\u2019\u00e9thique<\/a><\/em>, \u00a7 7, 51, 72 et 74 \u00e0 87.<\/p>\n<div class=\"edit-link\"><a class=\"post-edit-link\" href=\"\">modifier<\/a><\/div>","protected":false},"excerpt":{"rendered":"<p>Certains concepts\u00a0utilis\u00e9s dans le Manifeste progressiste sont nouveaux; ils repr\u00e9sentent souvent un moyen\u00a0de clarifier les questions et les enjeux, et parfois de r\u00e9soudre certaines difficult\u00e9s \u00e9thiques ou \u00e9pist\u00e9mologiques.\u00a0\u00a0\u00a0 \u00a0\u00a0\u00a0Autonomie \u00a0\u00a0\u00a0\u00a0\u00a0\u00a0\u00a0\u00a0\u00a0\u00a0\u00a0\u00a0\u00a0\u00a0\u00a0L&rsquo;autonomie des individus ou des groupes repr\u00e9sente ici la capacit\u00e9 effective d&rsquo;avancer vers de&#8230;<\/p>\n","protected":false},"author":1,"featured_media":0,"parent":378,"menu_order":0,"comment_status":"open","ping_status":"open","template":"","meta":[],"tags":[],"_links":{"self":[{"href":"http:\/\/agoratheque.3zcom.com\/index.php?rest_route=\/wp\/v2\/pages\/828"}],"collection":[{"href":"http:\/\/agoratheque.3zcom.com\/index.php?rest_route=\/wp\/v2\/pages"}],"about":[{"href":"http:\/\/agoratheque.3zcom.com\/index.php?rest_route=\/wp\/v2\/types\/page"}],"author":[{"embeddable":true,"href":"http:\/\/agoratheque.3zcom.com\/index.php?rest_route=\/wp\/v2\/users\/1"}],"replies":[{"embeddable":true,"href":"http:\/\/agoratheque.3zcom.com\/index.php?rest_route=%2Fwp%2Fv2%2Fcomments&post=828"}],"version-history":[{"count":17,"href":"http:\/\/agoratheque.3zcom.com\/index.php?rest_route=\/wp\/v2\/pages\/828\/revisions"}],"predecessor-version":[{"id":837,"href":"http:\/\/agoratheque.3zcom.com\/index.php?rest_route=\/wp\/v2\/pages\/828\/revisions\/837"}],"up":[{"embeddable":true,"href":"http:\/\/agoratheque.3zcom.com\/index.php?rest_route=\/wp\/v2\/pages\/378"}],"wp:attachment":[{"href":"http:\/\/agoratheque.3zcom.com\/index.php?rest_route=%2Fwp%2Fv2%2Fmedia&parent=828"}],"wp:term":[{"taxonomy":"post_tag","embeddable":true,"href":"http:\/\/agoratheque.3zcom.com\/index.php?rest_route=%2Fwp%2Fv2%2Ftags&post=828"}],"curies":[{"name":"wp","href":"https:\/\/api.w.org\/{rel}","templated":true}]}}