{"id":8282,"date":"2024-04-19T17:44:45","date_gmt":"2024-04-19T21:44:45","guid":{"rendered":"http:\/\/mail.agoratheque.3zcom.com\/?page_id=8282"},"modified":"2024-06-14T17:57:46","modified_gmt":"2024-06-14T21:57:46","slug":"la-mise-en-abyme","status":"publish","type":"page","link":"http:\/\/agoratheque.3zcom.com\/?page_id=8282","title":{"rendered":"La mise en abyme"},"content":{"rendered":"\n<p><\/p>\n\n\n\n<p class=\"has-text-align-center\">Recherches ludiques XVIII<\/p>\n\n\n\n<p class=\"has-text-align-center\">Avril 2024<\/p>\n\n\n\n<p>1&nbsp;&nbsp;&nbsp;&nbsp;&nbsp;&nbsp;&nbsp;&nbsp;&nbsp; Des sciences humaines \u00e0 la physique et aux math\u00e9matiques, on peut constater une mise en abyme. Chaque niveau disciplinaire nous renvoie, comme dans un miroir, une certaine image du monde et de nous-m\u00eames, cens\u00e9e de plus en plus objective. Les sciences humaines refl\u00e8tent notre \u00eatre en tant qu\u2019humains dans une histoire qui est la n\u00f4tre. La m\u00eame structure d\u2019id\u00e9es \u2013 ou id\u00e9omorphie \u2013 en biologie nous fait voir que nous sommes chacun une organisation vivante de cellules biologiques. La m\u00eame structure d\u2019id\u00e9es en physique refl\u00e8te \u00e9galement notre \u00eatre mat\u00e9riel, nous sommes faits d\u2019atomes. Quant \u00e0 l\u2019id\u00e9om\u00e9trie, elle nous r\u00e9v\u00e8le que nous sommes toujours l\u00e0 pour alimenter et faire \u00e9voluer ces niveaux de recherche, tout en objectivant ces images successives de nous-m\u00eames.<\/p>\n\n\n\n<p>2&nbsp;&nbsp;&nbsp;&nbsp;&nbsp;&nbsp;&nbsp;&nbsp;&nbsp; La mise en abyme, au d\u00e9part, est un proc\u00e9d\u00e9 consistant \u00e0 repr\u00e9senter un objet fabriqu\u00e9 ou cr\u00e9\u00e9 dans un objet similaire, qu\u2019il soit visuel ou litt\u00e9raire, qu\u2019il s\u2019agisse d\u2019une image ou d\u2019une description en mots, par exemple en peinture, au cin\u00e9ma ou dans un roman. Or la mise en abyme qui se retrouve \u00e9galement dans les champs disciplinaires de la recherche scientifique appara\u00eet comme un \u00e9l\u00e9ment essentiel dans le processus d\u2019acquisition d\u2019un nouveau langage pour la science.<\/p>\n\n\n\n<p>2,1&nbsp;&nbsp;&nbsp;&nbsp;&nbsp;&nbsp;&nbsp;&nbsp; La mise en abyme est une caract\u00e9ristique g\u00e9n\u00e9rale des mots, y compris le mot \u00ab&nbsp;mot&nbsp;\u00bb. Par d\u00e9finition, la mise en abyme consiste en \u00ab&nbsp;toute modalit\u00e9 autor\u00e9flexive d\u2019un texte ou d\u2019une repr\u00e9sentation figur\u00e9e ou \u00ab&nbsp;toute enclave ayant pour r\u00e9f\u00e9rent la totalit\u00e9 qui lui sert de cadre.&nbsp;\u00bb\u2026&nbsp;\u00ab&nbsp;une r\u00e9flexion \u00e0 l\u2019infini&nbsp;\u00bb, dans l\u2019infiniment petit mais aussi dans l\u2019infiniment grand. (<em>Encyclop<\/em><em>\u00e6<\/em><em>dia Universalis<\/em>)<\/p>\n\n\n\n<p>3&nbsp;&nbsp;&nbsp;&nbsp;&nbsp;&nbsp;&nbsp;&nbsp;&nbsp; Supposons que l\u2019enfant r\u00e9p\u00e8te un mot que quelqu\u2019un prononce devant lui. Il peut prendre plaisir \u00e0 le reproduire m\u00eame s\u2019il ne sait pas encore ce que ce mot particulier signifie. Il lui suffit en effet de savoir que c\u2019est un mot que quelqu\u2019un vient de prononcer en lui parlant ou en parlant \u00e0 quelqu\u2019un d\u2019autre dans une situation donn\u00e9e. Comment ce jeu de langage acquis mais non encore bien appris se transpose-t-il dans le langage id\u00e9om\u00e9trique? Le tableau suivant en donne une premi\u00e8re &lt;expression&gt;.<\/p>\n\n\n\n<figure class=\"wp-block-table\"><table><tbody><tr><td><strong><u>Enfant de 12 mois environ<\/u><\/strong><strong><u><\/u><\/strong> &nbsp;<\/td><td><strong><u>Humanit\u00e9 actuelle<\/u><\/strong><strong><u><\/u><\/strong> &nbsp;<\/td><\/tr><tr><td>L\u2019enfant prononce le mot entendu \u00ab&nbsp;[mot]&nbsp;\u00bb &nbsp;<\/td><td>Les chercheurs consid\u00e8rent ce m\u00eame tableau&nbsp;: &lt;L\u2019enfant prononce le mot entendu \u00ab&nbsp;[mot]&nbsp;\u00bb&gt; &nbsp;<\/td><\/tr><\/tbody><\/table><\/figure>\n\n\n\n<p>Id\u00e9otableau du jeu &lt;L\u2019enfant prononce le mot entendu \u00ab&nbsp;[mot]&nbsp;\u00bb&gt;<\/p>\n\n\n\n<p>Cette mise en abyme est cette fois pratiqu\u00e9e par d\u2019\u00e9ventuels chercheurs. Ce sera alors l\u2019acquisition du type id\u00e9om\u00e9trique de langage sans avoir autre chose \u00e0 apprendre que de comprendre ce que ce tableau signifie, dans une sorte de jeu, en ce qui concerne le mot \u00ab&nbsp;mot&nbsp;\u00bb lui-m\u00eame. L\u2019enfant peut \u00e9galement de cette fa\u00e7on apprendre des mots nouveaux \u2013 leurs prononciations tout aussi bien que leurs significations \u2013 d\u2019apr\u00e8s les situations. Par exemple lors d\u2019un repas, on peut lui apprendre facilement les mots d\u00e9signant tel ou tel l\u00e9gume ou, ce qui est encore plus int\u00e9ressant, tel ou tel dessert!<\/p>\n\n\n\n<p>3,1a&nbsp;&nbsp;&nbsp;&nbsp;&nbsp;&nbsp; La mise en abyme peut donc se comprendre comme une id\u00e9omorphie li\u00e9e \u00e0 l\u2019acquisition du langage et, en particulier, \u00e0 une structure en abyme aussi bien dans la c\u00e9r\u00e9bralit\u00e9 de l\u2019enfant que dans la r\u00e9f\u00e9rentialit\u00e9 de la recherche scientifique.<\/p>\n\n\n\n<p>L\u2019enfant qui acquiert le langage porterait donc inconsciemment en lui l\u2019id\u00e9e d\u2019une mise en ab\u00eeme du mot en tant que tel. Cela correspond&nbsp;\u00e0 ceci.<\/p>\n\n\n\n<p>3,1b&nbsp;&nbsp;&nbsp;&nbsp;&nbsp;<\/p>\n\n\n\n<figure class=\"wp-block-table\"><table><tbody><tr><td><strong><u>Id\u00e9os\u00e9quence de la mise en abyme du mot<\/u><\/strong><strong>&nbsp;<\/strong><strong>&nbsp;<\/strong><\/td><td>Le mot<\/td><td>Le mot \u2018mot\u2019<\/td><td>Le mot signifiant le \u00ab&nbsp;mot \u2018mot\u2019&nbsp;\u00bb &nbsp;<\/td><td>&nbsp; &nbsp; Etc.<\/td><\/tr><\/tbody><\/table><\/figure>\n\n\n\n<p>3,1e&nbsp;&nbsp;&nbsp;&nbsp; Cette s\u00e9quence peut \u00eatre g\u00e9n\u00e9ralis\u00e9e pour repr\u00e9senter n\u2019importe quel mot, par exemple, le mot \u00ab&nbsp;chat&nbsp;\u00bb&nbsp;:<\/p>\n\n\n\n<p>3,1b&nbsp;&nbsp;&nbsp;&nbsp;&nbsp;<\/p>\n\n\n\n<figure class=\"wp-block-table\"><table><tbody><tr><td><strong><u>Id\u00e9os\u00e9quence de la mise en abyme du mot<\/u><\/strong><strong>&nbsp;<\/strong><strong>&nbsp;<\/strong><\/td><td>Le chat<\/td><td>Le mot \u2018chat\u2019<\/td><td>Le mot signifiant le \u00ab&nbsp;mot \u2018chat\u2019&nbsp;\u00bb &nbsp;<\/td><td>&nbsp; &nbsp; Etc.<\/td><\/tr><\/tbody><\/table><\/figure>\n\n\n\n<p>Il en d\u00e9coule que lorsqu\u2019on parle du chat on parle aussi, implicitement, du mot en soi qui le d\u00e9signe.<\/p>\n\n\n\n<p>4&nbsp;&nbsp;&nbsp;&nbsp;&nbsp;&nbsp;&nbsp;&nbsp;&nbsp; &gt;&gt;&gt;&gt;&gt;&gt;&gt;&gt;&gt;&gt;&gt;&gt;&gt;&gt;&gt;&gt;&gt;&gt;&gt;&gt;&gt;&gt;<\/p>\n\n\n\n<p><em>Remarque&nbsp;<\/em>: L\u2019id\u00e9om\u00e9trie en tant que domaine de recherche aura elle-m\u00eame d\u00e9but\u00e9 par une sorte de hasard pr\u00e9adapt\u00e9 qui consiste \u00e0 s\u2019inspirer d\u2019une mise en abyme. Il s\u2019agissait de reproduire \u00e0 un niveau sup\u00e9rieur la diff\u00e9rence abstraite entre le code g\u00e9n\u00e9tique et les langues humaines, de fa\u00e7on \u00e0 produire une nouvelle id\u00e9e du langage qui reproduirait la m\u00eame structure d\u2019id\u00e9es (id\u00e9omorphie) \u00e0 un niveau sup\u00e9rieur. C\u2019est ce que repr\u00e9sente la figure suivante&nbsp;:<\/p>\n\n\n\n<figure class=\"wp-block-table\"><table><tbody><tr><td class=\"has-text-align-center\" data-align=\"center\">Code g\u00e9n\u00e9tique =&gt;&gt; Langue humaine<\/td><\/tr><\/tbody><\/table><\/figure>\n\n\n\n<p class=\"has-text-align-center\"> <strong>=&gt;&gt;<\/strong><\/p>\n\n\n\n<figure class=\"wp-block-table\"><table><tbody><tr><td class=\"has-text-align-center\" data-align=\"center\">Langue humaine =&gt;&gt; Langage d\u2019ordre sup\u00e9rieur &nbsp;<\/td><\/tr><\/tbody><\/table><figcaption class=\"wp-element-caption\">Id\u00e9ofigure repr\u00e9sentant la production d\u2019un nouveau type \u2013 sup\u00e9rieur \u2013 de langage<\/figcaption><\/figure>\n\n\n\n<p><em>R\u00e9f\u00e9rence:<\/em> The Mind of Society: Investigating and Using the \u00ab\u00a0Language of the Gods\u00a0\u00bb, World Future, 1997.<\/p>\n\n\n\n<p><\/p>\n\n\n\n<p><em>Rappel<\/em>&nbsp;: On peut voir les d\u00e9it\u00e9s comme des humains de degr\u00e9 sup\u00e9rieur. L\u2019expression \u00ab&nbsp;personne de degr\u00e9 sup\u00e9rieur&nbsp;\u00bb (<em>Personnalit\u00e4t h\u00f6herer Stufe<\/em>) est tir\u00e9e de textes d\u2019Edmund Husserl pour d\u00e9signer la soci\u00e9t\u00e9 humaine. Il utilise la notion de personne comme un concept g\u00e9n\u00e9rique comportant deux esp\u00e8ces, soit la personne individuelle et la personne collective. On notera \u00e9galement que l\u2019expression \u00ab&nbsp;personnalit\u00e9 d\u2019ordre sup\u00e9rieur&nbsp;\u00bb pour d\u00e9signer des groupes tels que des \u00c9tats ou des \u00c9glises, etc., est utilis\u00e9e par Husserl dans ses <em>M\u00e9ditations cart\u00e9siennes<\/em> (traduction de Gabrielle Pfeiffer et Emmanuel Levinas, 1980).<\/p>\n\n\n\n<p>&lt;&lt;&lt;&lt;&lt;&lt;&lt;&lt;&lt;&lt;&lt;&lt;&lt;&lt;&lt;&lt;&lt;&lt;&lt;&lt;&lt;&lt;&lt;&lt;&lt;&nbsp;<\/p>\n\n\n\n<p>5&nbsp;&nbsp;&nbsp;&nbsp;&nbsp;&nbsp;&nbsp;&nbsp;&nbsp;&nbsp;&nbsp;&nbsp; Lorsque l\u2019enfant acquiert la capacit\u00e9 verbale, il doit donc savoir ce qu\u2019est un mot m\u00eame s\u2019il n\u2019en conna\u00eet r\u00e9ellement aucun. Dans le cas des id\u00e9os\u00e9quences, on sait que ce sont des &lt;mots&gt; sans savoir le sens v\u00e9ritable de ce &lt;mot&gt; pour les d\u00e9it\u00e9s.<\/p>\n\n\n\n<p>8&nbsp;&nbsp;&nbsp;&nbsp;&nbsp;&nbsp;&nbsp;&nbsp;&nbsp;&nbsp;&nbsp;&nbsp; Certaines des meilleure\u00ads versions de la mise en abyme se retrouvent dans le &lt;potentiel r\u00e9el&gt; combin\u00e9 \u00e0 l\u2019&lt;effectivit\u00e9&gt;.<\/p>\n\n\n\n<p><em>Du pr\u00e9sent effectif aux potentialit\u00e9s r\u00e9elles<\/em><\/p>\n\n\n\n<p>L&rsquo;id\u00e9os\u00e9quence qui suit porte sur les modalit\u00e9s de l\u2019\u00eatre en tant que mise en abyme:<\/p>\n\n\n\n<figure class=\"wp-block-table\"><table><tbody><tr><td><strong><u>S\u00e9quence <\/u><\/strong>de <strong><u>l\u2019effectivit\u00e9 <\/u><\/strong>et du<strong><u> potentiel r\u00e9el<\/u><\/strong><\/td><td>Pr\u00e9sent effectif<\/td><td>Potentiel effectif<\/td><td>&nbsp;(Potentiel r\u00e9el) effectif<\/td><td>&nbsp;(Potentiel r\u00e9el) effectivement possible\u2026&nbsp;&nbsp;&nbsp;&nbsp;&nbsp;&nbsp;&nbsp;&nbsp;&nbsp;&nbsp;&nbsp;&nbsp;&nbsp;&nbsp;<\/td><td>&nbsp; &nbsp; Etc.<\/td><\/tr><tr><td><strong><u>Exemples<\/u><\/strong> &nbsp;&nbsp;&nbsp;&nbsp;&nbsp;&nbsp;&nbsp;&nbsp;&nbsp;&nbsp;&nbsp;&nbsp;  &nbsp;<\/td><td>L\u2019enfant est effectivement en train de parler &nbsp;<\/td><td>L\u2019enfant est maintenant capable de parler<\/td><td>Le petit humain a g\u00e9n\u00e9ralement le potentiel r\u00e9el de l\u2019acquisition du langage &nbsp;<\/td><td>Certains primates sont r\u00e9ellement capables d\u2019acqu\u00e9rir de langage &nbsp;<\/td><td>&nbsp; &nbsp; &nbsp; Etc.<\/td><\/tr><\/tbody><\/table><\/figure>\n\n\n\n<p><\/p>\n\n\n\n<p>La science sous sa forme actuelle se trouve ainsi questionn\u00e9e et relativis\u00e9e.<\/p>\n\n\n\n<p><\/p>\n\n\n\n<p>9\u00a0\u00a0\u00a0\u00a0\u00a0\u00a0\u00a0\u00a0\u00a0\u00a0\u00a0\u00a0 <em>L\u2019id\u00e9omorphie de la subjectivit\u00e9 en tant que mise en abyme<\/em><\/p>\n\n\n\n<p>Le tableau qui suit illustre ces ordres de subjectivit\u00e9s avec l\u2019exemple du lancer d\u2019une pi\u00e8ce de monnaie:<\/p>\n\n\n\n<figure class=\"wp-block-table alignleft\"><table><tbody><tr><td class=\"has-text-align-left\" data-align=\"left\"><strong><em><u>Subjectivit\u00e9 n&nbsp;:<\/u><\/em><\/strong><\/td><td><em>Subjectivit\u00e9 1<\/em><\/td><td><em>Subjectivit\u00e9 2<\/em><\/td><td><em>Subjectivit\u00e9 3<\/em><\/td><td><em>Subjectivit\u00e9 4<\/em> <em>&nbsp;<\/em><\/td><\/tr><tr><td class=\"has-text-align-left\" data-align=\"left\"><strong><u>E<\/u><\/strong><strong><u>xem-ple\u00a0: le lancer d\u2019une pi\u00e8ce de mon-naie<\/u><\/strong><\/td><td>La pi\u00e8ce de monnaie vient de tomber sur <em>pile<\/em> 4 fois sur 4; c\u2019est le temps, pense-t-on, pour que le <em>face <\/em>soit plus probable qu\u2019auparavant! &nbsp;<\/td><td>\u00c0 pile ou face la probabilit\u00e9 1 sur 2 reste la m\u00eame \u00e0 chaque coup, d\u2019apr\u00e8s un quelconque profane.<\/td><td>Un physicien estimerait que la probabilit\u00e9 de 1 sur 2 est une approximation; car la pi\u00e8ce r\u00e9elle est l\u00e9g\u00e8rement dissym\u00e9trique.<\/td><td>Il s\u2019agit ici d\u2019une s\u00e9quence id\u00e9om\u00e9trique; seules des d\u00e9it\u00e9s pourraient ensuite nous expliquer que le savoir des physiciens est relatif \u00e0 la maturit\u00e9 de leur science, laquelle est encore loin d\u2019\u00eatre effective. &nbsp;<\/td><\/tr><\/tbody><\/table><figcaption class=\"wp-element-caption\">                                                <\/figcaption><\/figure>\n\n\n\n\n\n<p><\/p>\n\n\n\n<p><\/p>\n\n\n\n<p>La r\u00e9alit\u00e9 plus ou moins probable du moment d\u2019un individu est relative \u00e0 l\u2019individu lui-m\u00eame en tant qu\u2019ayant la capacit\u00e9 d\u2019apprendre, ce qui en fait une <em>subjectivit\u00e9 1<\/em>. Celle de l\u2019individu est relative \u00e0 celle de l\u2019intersubjectivit\u00e9, soit une <em>subjectivit\u00e9 2<\/em>. Mais celle de l\u2019intersubjectivit\u00e9 d\u2019un temps est relative \u00e0 l\u2019objectivit\u00e9 de la science, soit une <em>subjectivit\u00e9 3<\/em>. On peut encore tenter d\u2019imaginer une <em>subjectivit\u00e9 4<\/em> qui serait celle des d\u00e9it\u00e9s. <\/p>\n\n\n\n<p>Dans cet id\u00e9otableau, le hasard pr\u00e9adapt\u00e9 rel\u00e8verait de la <em>subjectivit\u00e9 4<\/em>, donc d\u2019apr\u00e8s le Mod\u00e8le de l\u2019enfant appliqu\u00e9 \u00e0 la science physique actuelle, sorte de savoir propre \u00e0 l\u2019humanit\u00e9 actuelle-LT, mais donc non partag\u00e9 par les d\u00e9it\u00e9s r\u00e9ellement possibles qui envisageraient d\u2019autres physiques dans d\u2019autres univers.<\/p>\n\n\n\n<p>M\u00eame en math\u00e9matiques, les chercheurs font preuve d\u2019une forme de subjectivit\u00e9 en menant leurs recherches d\u2019apr\u00e8s certains choix particuliers motiv\u00e9s par des raisons personnelles ou d\u00e9coulant de l\u2019influence de leur soci\u00e9t\u00e9, et aussi parce qu\u2019ils sont limit\u00e9s aux math\u00e9matiques qui leur sont accessibles \u00e0 ce moment de l\u2019histoire de leurs recherches.<\/p>\n\n\n\n<p class=\"has-text-align-center\">(())<\/p>\n\n\n<div class=\"edit-link\"><a class=\"post-edit-link\" href=\"\">modifier<\/a><\/div>","protected":false},"excerpt":{"rendered":"<p>Recherches ludiques XVIII Avril 2024 1&nbsp;&nbsp;&nbsp;&nbsp;&nbsp;&nbsp;&nbsp;&nbsp;&nbsp; Des sciences humaines \u00e0 la physique et aux math\u00e9matiques, on peut constater une mise en abyme. Chaque niveau disciplinaire nous renvoie, comme dans un miroir, une certaine image du monde et de nous-m\u00eames, cens\u00e9e de plus en&#8230;<\/p>\n","protected":false},"author":1,"featured_media":0,"parent":0,"menu_order":0,"comment_status":"closed","ping_status":"closed","template":"","meta":[],"tags":[],"_links":{"self":[{"href":"http:\/\/agoratheque.3zcom.com\/index.php?rest_route=\/wp\/v2\/pages\/8282"}],"collection":[{"href":"http:\/\/agoratheque.3zcom.com\/index.php?rest_route=\/wp\/v2\/pages"}],"about":[{"href":"http:\/\/agoratheque.3zcom.com\/index.php?rest_route=\/wp\/v2\/types\/page"}],"author":[{"embeddable":true,"href":"http:\/\/agoratheque.3zcom.com\/index.php?rest_route=\/wp\/v2\/users\/1"}],"replies":[{"embeddable":true,"href":"http:\/\/agoratheque.3zcom.com\/index.php?rest_route=%2Fwp%2Fv2%2Fcomments&post=8282"}],"version-history":[{"count":27,"href":"http:\/\/agoratheque.3zcom.com\/index.php?rest_route=\/wp\/v2\/pages\/8282\/revisions"}],"predecessor-version":[{"id":8417,"href":"http:\/\/agoratheque.3zcom.com\/index.php?rest_route=\/wp\/v2\/pages\/8282\/revisions\/8417"}],"wp:attachment":[{"href":"http:\/\/agoratheque.3zcom.com\/index.php?rest_route=%2Fwp%2Fv2%2Fmedia&parent=8282"}],"wp:term":[{"taxonomy":"post_tag","embeddable":true,"href":"http:\/\/agoratheque.3zcom.com\/index.php?rest_route=%2Fwp%2Fv2%2Ftags&post=8282"}],"curies":[{"name":"wp","href":"https:\/\/api.w.org\/{rel}","templated":true}]}}