{"id":5,"date":"2011-05-31T08:12:59","date_gmt":"2011-05-31T12:12:59","guid":{"rendered":"http:\/\/agoratheque.yprovencal.ep.profweb.qc.ca\/?page_id=5"},"modified":"2019-11-22T12:12:07","modified_gmt":"2019-11-22T16:12:07","slug":"accueil","status":"publish","type":"page","link":"https:\/\/agoratheque.3zcom.com\/","title":{"rendered":"Accueil"},"content":{"rendered":"<h2 style=\"text-align: center;\"><em>Projet Respect des personnes et des groupes<\/em><\/h2>\n<p>L&rsquo;<em>Agorath\u00e8que<\/em> est le site o\u00f9 le <strong>Projet Respect des personnes et des groupes<\/strong>\u00a0est d\u00e9velopp\u00e9, expliqu\u00e9 et mis en pratique. Le lecteur est tout d&rsquo;abord invit\u00e9 \u00e0 lire l&rsquo;une ou l&rsquo;autre de ces lettres ouvertes sur le web dans lesquelles une\u00a0<a href=\"http:\/\/mail.agoratheque.3zcom.com\/?page_id=641\">id\u00e9e originale du respect des personnes<\/a> est mise en pratique :<\/p>\n<ol type=\"A\">\n<li><a title=\"Lettre ouverte aux souverainistes qu\u00e9b\u00e9cois (version imprimable)\" href=\"http:\/\/mail.agoratheque.3zcom.com\/?page_id=2652\">Lettre ouverte\u00a0aux souverainistes qu\u00e9b\u00e9cois<\/a>: compter sur la reconnaissance entre les peuples plut\u00f4t que sur les rapports de force politiques ou autres<\/li>\n<li><a title=\"Lettre ouverte aux f\u00e9ministes\" href=\"http:\/\/mail.agoratheque.3zcom.com\/?page_id=2975\">Lettre ouverte aux f\u00e9ministes<\/a>: viser la pleine reconnaissance de chaque femme, dans le monde, comme un \u00eatre humain \u00e0 part enti\u00e8re<\/li>\n<li><a title=\"Lettre ouverte aux musulmans\" href=\"http:\/\/mail.agoratheque.3zcom.com\/?page_id=2992\">Lettre ouverte aux musulmans<\/a>: faire en sorte qu&rsquo;on cesse de craindre les conversions \u00e0 l&rsquo;islam lorsqu&rsquo;elles sont faites dans le plein respect mutuel de l&rsquo;autonomie de chacun<\/li>\n<\/ol>\n<div id=\"attachment_4744\" style=\"width: 430px\" class=\"wp-caption aligncenter\"><a href=\"http:\/\/mail.agoratheque.3zcom.com\/wp-content\/uploads\/2011\/05\/art-rupestre.jpg\"><img aria-describedby=\"caption-attachment-4744\" decoding=\"async\" loading=\"lazy\" class=\"wp-image-4744\" src=\"http:\/\/mail.agoratheque.3zcom.com\/wp-content\/uploads\/2011\/05\/art-rupestre.jpg\" alt=\"art rupestre\" width=\"420\" height=\"315\" \/><\/a><p id=\"caption-attachment-4744\" class=\"wp-caption-text\">&#8230;les personnes et les peuples lointains&#8230;<\/p><\/div>\n<p>&nbsp;<\/p>\n<h3>Le Projet Respect des personnes et des groupes s&rsquo;incarne en outre dans le M\u00e9mo :<\/h3>\n<h4><a title=\"Mouvement \u00e9thique mondial (M\u00e9mo)\" href=\"http:\/\/mail.agoratheque.3zcom.com\/?page_id=3183\">Mouvement \u00e9thique mondial (M\u00e9mo)<\/a><\/h4>\n<h4 style=\"text-align: center;\"><strong>\u00a0(((((((((())))))))))<\/strong><\/h4>\n<p>L&rsquo;Agorath\u00e8que est ici pr\u00e9sent\u00e9e par\u00a0<a title=\"Yvon Proven\u00e7al\" href=\"http:\/\/mail.agoratheque.3zcom.com\/?page_id=210\">Yvon Proven\u00e7al<\/a>, enseignant en philosophie au\u00a0<a href=\"http:\/\/www.cegepgranby.qc.ca\/\" target=\"_self\">C\u00e9gep de\u00a0<\/a><a href=\"http:\/\/www.cegepgranby.qc.ca\/\" target=\"_self\">Granby<\/a>\u00a0de 1990 \u00e0 2013, auteur du site p\u00e9dagogique\u00a0du\u00a0<em>Projet Respect<\/em>. Depuis, il consacre son temps \u00e0 d\u00e9velopper des p\u00e9dagogies agissant sur le monde (<a title=\"Qu\u2019est-ce qu\u2019une PAM ?\" href=\"http:\/\/mail.agoratheque.3zcom.com\/?page_id=1832\">GAP<\/a>).\u00a0L&rsquo;Agorath\u00e8que\u00a0a \u00e9t\u00e9 fond\u00e9e en janvier 2010 et s&rsquo;est voulue d&rsquo;abord un\u00a0lieu o\u00f9 se manifestent les capacit\u00e9s de chercheurs des \u00e9tudiantes et des \u00e9tudiants, puis des apprenantes et des apprenants que nous sommes tous.<\/p>\n<p>\u00ab <em>La recherche doit avant tout \u00eatre un jeu et un plaisir. [\u2026] <\/em><br \/>\n<em>Tenter d&rsquo;imposer d&rsquo;une mani\u00e8re exclusive une certaine\u00a0conception de la recherche limitera\u00a0l&rsquo;aptitude de\u00a0la science \u00e0 s&rsquo;adapter \u00e0 un avenir que personne\u00a0n&rsquo;est en mesure\u00a0de\u00a0pr\u00e9voir<\/em>.\u00bb<br \/>\nPierre Joliot (<em>La recherche passionn\u00e9ment<\/em>)<\/p>\n<p><em>Nota bene<\/em>:\u00a0Le C\u00e9gep de Granby fournit\u00a0son appui\u00a0\u00e0 ce site\u00a0au niveau des valeurs de respect et de justice envers les personnes et les groupes.\u00a0Les interpr\u00e9tations faites sur le site r\u00e9f\u00e9rendaire n\u2019engagent toutefois que leur auteur.<\/p>\n<ul>\n<li><a title=\"Pr\u00e9sentation de l\u2019Agorath\u00e8que\" href=\"http:\/\/mail.agoratheque.3zcom.com\/?page_id=299\">Pr\u00e9sentation de l\u2019Agorath\u00e8que<\/a><\/li>\n<li><a href=\"http:\/\/mail.agoratheque.3zcom.com\/?page_id=5073\">Introduction aux math\u00e9matiques id\u00e9om\u00e9triques<\/a><\/li>\n<li><a href=\"http:\/\/mail.agoratheque.3zcom.com\/?page_id=5887\">Pr\u00e9dictions id\u00e9om\u00e9triques<\/a><\/li>\n<li><a href=\"http:\/\/mail.agoratheque.3zcom.com\/?page_id=5459\">Revue d&rsquo;id\u00e9om\u00e9trie<\/a><\/li>\n<\/ul>\n<h3><em style=\"font-size: 14px; line-height: 1.5em;\"><strong>Divers:<\/strong><\/em><\/h3>\n<p><strong style=\"line-height: 1.5em;\"><em><a title=\"Vous cherchez un terme, un nom, un concept?\" href=\"http:\/\/mail.agoratheque.3zcom.com\/?page_id=415\">Vous cherchez un terme, un nom, un concept ?<\/a><\/em><\/strong><\/p>\n<p>&nbsp;<\/p>\n<div class=\"edit-link\"><a class=\"post-edit-link\" href=\"\">modifier<\/a><\/div>","protected":false},"excerpt":{"rendered":"<p>Projet Respect des personnes et des groupes L&rsquo;Agorath\u00e8que est le site o\u00f9 le Projet Respect des personnes et des groupes\u00a0est d\u00e9velopp\u00e9, expliqu\u00e9 et mis en pratique. Le lecteur est tout d&rsquo;abord invit\u00e9 \u00e0 lire l&rsquo;une ou l&rsquo;autre de ces lettres ouvertes sur le&#8230;<\/p>\n","protected":false},"author":2,"featured_media":0,"parent":0,"menu_order":0,"comment_status":"closed","ping_status":"open","template":"","meta":[],"tags":[],"_links":{"self":[{"href":"https:\/\/agoratheque.3zcom.com\/index.php?rest_route=\/wp\/v2\/pages\/5"}],"collection":[{"href":"https:\/\/agoratheque.3zcom.com\/index.php?rest_route=\/wp\/v2\/pages"}],"about":[{"href":"https:\/\/agoratheque.3zcom.com\/index.php?rest_route=\/wp\/v2\/types\/page"}],"author":[{"embeddable":true,"href":"https:\/\/agoratheque.3zcom.com\/index.php?rest_route=\/wp\/v2\/users\/2"}],"replies":[{"embeddable":true,"href":"https:\/\/agoratheque.3zcom.com\/index.php?rest_route=%2Fwp%2Fv2%2Fcomments&post=5"}],"version-history":[{"count":123,"href":"https:\/\/agoratheque.3zcom.com\/index.php?rest_route=\/wp\/v2\/pages\/5\/revisions"}],"predecessor-version":[{"id":6843,"href":"https:\/\/agoratheque.3zcom.com\/index.php?rest_route=\/wp\/v2\/pages\/5\/revisions\/6843"}],"wp:attachment":[{"href":"https:\/\/agoratheque.3zcom.com\/index.php?rest_route=%2Fwp%2Fv2%2Fmedia&parent=5"}],"wp:term":[{"taxonomy":"post_tag","embeddable":true,"href":"https:\/\/agoratheque.3zcom.com\/index.php?rest_route=%2Fwp%2Fv2%2Ftags&post=5"}],"curies":[{"name":"wp","href":"https:\/\/api.w.org\/{rel}","templated":true}]}}